{"id":1069,"date":"2022-03-18T09:48:15","date_gmt":"2022-03-18T09:48:15","guid":{"rendered":"http:\/\/agro-pak.net.pl\/?page_id=1069"},"modified":"2022-03-18T09:56:42","modified_gmt":"2022-03-18T09:56:42","slug":"projekty","status":"publish","type":"page","link":"https:\/\/agro-pak.net.pl\/index.php\/projekty\/","title":{"rendered":"Projekty"},"content":{"rendered":"<div data-beyondwords-player=\"true\" contenteditable=\"false\"><\/div>\t\t<div data-elementor-type=\"wp-page\" data-elementor-id=\"1069\" class=\"elementor elementor-1069\">\n\t\t\t\t\t\t\t\t\t<section class=\"elementor-section elementor-top-section elementor-element elementor-element-8aec71e elementor-section-boxed elementor-section-height-default elementor-section-height-default\" data-id=\"8aec71e\" data-element_type=\"section\">\n\t\t\t\t\t\t<div class=\"elementor-container elementor-column-gap-default\">\n\t\t\t\t\t<div class=\"elementor-column elementor-col-100 elementor-top-column elementor-element elementor-element-e77ca59\" data-id=\"e77ca59\" data-element_type=\"column\">\n\t\t\t<div class=\"elementor-widget-wrap elementor-element-populated\">\n\t\t\t\t\t\t\t\t<div class=\"elementor-element elementor-element-a652315 elementor-widget elementor-widget-text-editor\" data-id=\"a652315\" data-element_type=\"widget\" data-widget_type=\"text-editor.default\">\n\t\t\t\t<div class=\"elementor-widget-container\">\n\t\t\t<style>\/*! elementor - v3.6.3 - 12-04-2022 *\/\n.elementor-widget-text-editor.elementor-drop-cap-view-stacked .elementor-drop-cap{background-color:#818a91;color:#fff}.elementor-widget-text-editor.elementor-drop-cap-view-framed .elementor-drop-cap{color:#818a91;border:3px solid;background-color:transparent}.elementor-widget-text-editor:not(.elementor-drop-cap-view-default) .elementor-drop-cap{margin-top:8px}.elementor-widget-text-editor:not(.elementor-drop-cap-view-default) .elementor-drop-cap-letter{width:1em;height:1em}.elementor-widget-text-editor .elementor-drop-cap{float:left;text-align:center;line-height:1;font-size:50px}.elementor-widget-text-editor .elementor-drop-cap-letter{display:inline-block}<\/style>\t\t\t\t<div class=\"zw-paragraph\" data-width=\"604.072\" data-textformat=\"{&quot;size&quot;:12}\"><div class=\"zw-line-div\"><h4 class=\"zw-line-content\" style=\"text-align: center;\"><strong><span class=\"zw-portion\" data-text-len=\"74\">REGIONALNY\u00a0PROGRAM\u00a0OPERACYJNY\u00a0WOJEW\u00d3DZTWA\u00a0LUBELSKIEGO\u00a0NA\u00a0LATA\u00a02014\u00a0\u2013\u00a02020:<\/span><span class=\"EOP EOP-readonly\">\u00a0<\/span><\/strong><\/h4><\/div><\/div><div class=\"zw-paragraph\" style=\"text-align: center;\" data-width=\"604.072\" data-textformat=\"{&quot;size&quot;:12}\"><div class=\"zw-line-div\"><h4 class=\"zw-line-content\"><strong><span class=\"zw-portion\" data-text-len=\"28\">ENERGIA\u00a0PRZYJAZNA\u00a0\u015aRODOWISKU<\/span><span class=\"EOP EOP-readonly\">\u00a0<\/span><\/strong><\/h4><\/div><\/div><div class=\"zw-paragraph\" style=\"text-align: center;\" data-width=\"604.072\" data-textformat=\"{&quot;size&quot;:11}\"><div class=\"zw-line-div\"><div class=\"zw-line-content\"><span class=\"EOP EOP-readonly\">\u00a0<\/span><\/div><\/div><\/div><div class=\"zw-paragraph\" style=\"text-align: center;\" data-width=\"604.072\" data-textformat=\"{&quot;size&quot;:11}\"><div class=\"zw-line-div\"><div class=\"zw-line-content\"><span class=\"zw-portion\" data-text-len=\"88\">Projekt\u00a0pn.:\u00a0Budowa\u00a0jednostek\u00a0wytwarzania\u00a0energii\u00a0elektrycznej\u00a0z\u00a0OZE\u00a0w\u00a0przedsi\u0119biorstwie<\/span><span class=\"zw-portion\" data-text-len=\"1\">\u00a0<\/span><\/div><\/div><div class=\"zw-line-div\"><div class=\"zw-line-content\"><span class=\"zw-portion\" data-text-len=\"4\">AGRO<\/span><span class=\"zw-portion\" data-text-len=\"3\">PAK<\/span><span class=\"zw-portion\" data-text-len=\"1\">\u00a0<\/span><span class=\"EOP EOP-readonly\">\u00a0<\/span><\/div><\/div><\/div><div class=\"zw-paragraph\" style=\"text-align: center;\" data-width=\"604.072\" data-textformat=\"{&quot;size&quot;:11}\"><div class=\"zw-line-div\"><div class=\"zw-line-content\"><span class=\"zw-portion\" data-text-len=\"89\">jest\u00a0wsp\u00f3\u0142finansowana\u00a0ze\u00a0\u015brodk\u00f3w\u00a0europejskich\u00a0w\u00a0ramach\u00a0Regionalnego\u00a0Programu\u00a0Operacyjnego<\/span><span class=\"zw-portion\" data-text-len=\"1\">\u00a0<\/span><\/div><\/div><div class=\"zw-line-div\"><div class=\"zw-line-content\"><span class=\"zw-portion\" data-text-len=\"78\">Wojew\u00f3dztwa\u00a0Lubelskiego\u00a0na\u00a0lata\u00a02014\u00a0\u2013\u00a02020,\u00a0o\u015b\u00a0priorytetowa\u00a0ENERGIA\u00a0PRZYJAZNA<\/span><span class=\"zw-portion\" data-text-len=\"1\">\u00a0<\/span><\/div><\/div><div class=\"zw-line-div\"><div class=\"zw-line-content\"><span class=\"zw-portion\" data-text-len=\"11\">\u015aRODOWISKU.<\/span><span class=\"EOP EOP-readonly\">\u00a0<\/span><\/div><\/div><\/div><div class=\"zw-paragraph\" style=\"text-align: center;\" data-width=\"604.072\" data-textformat=\"{&quot;size&quot;:11}\"><div class=\"zw-line-div\"><div class=\"zw-line-content\"><span class=\"zw-portion\" data-text-len=\"6\">Celem\u00a0<\/span><span class=\"zw-portion\" data-text-len=\"14\">realizowanego\u00a0<\/span><span class=\"zw-portion\" data-text-len=\"14\">projektu\u00a0jest\u00a0<\/span><span class=\"zw-portion\" data-text-len=\"11\">osi\u0105gni\u0119cie<\/span><span class=\"zw-portion\" data-text-len=\"1\">\u00a0<\/span><span class=\"zw-portion\" data-text-len=\"51\">dodatkowej\u00a0zdolno\u015bci\u00a0produkcji\u00a0energii\u00a0elektrycznej<\/span><span class=\"zw-portion\" data-text-len=\"1\">\u00a0<\/span><\/div><\/div><div class=\"zw-line-div\"><div class=\"zw-line-content\"><span class=\"zw-portion\" data-text-len=\"14\">z\u00a0odnawialnych<\/span><span class=\"zw-portion\" data-text-len=\"8\">\u00a0\u017ar\u00f3de\u0142\u00a0<\/span><span class=\"zw-portion\" data-text-len=\"31\">w\u00a0produkcji\u00a0energii\u00a0potrzebnej\u00a0<\/span><span class=\"zw-portion\" data-text-len=\"38\">do\u00a0zaspokojenia\u00a0potrzeb\u00a0energetycznych<\/span><span class=\"zw-portion\" data-text-len=\"1\">\u00a0<\/span><\/div><\/div><div class=\"zw-line-div\"><div class=\"zw-line-content\"><span class=\"zw-portion\" data-text-len=\"16\">przedsi\u0119biorstwa<\/span><span class=\"zw-portion\" data-text-len=\"1\">,<\/span><span class=\"zw-portion\" data-text-len=\"62\">\u00a0poprzez\u00a0budow\u0119\u00a0instalacji\u00a0fotowoltaicznej\u00a0na\u00a0terenie\u00a0zak\u0142adu.<\/span><span class=\"zw-portion\" data-text-len=\"1\">\u00a0<\/span><span class=\"EOP EOP-readonly\">\u00a0<\/span><\/div><\/div><\/div><div class=\"zw-paragraph\" style=\"text-align: center;\" data-width=\"604.072\" data-textformat=\"{&quot;size&quot;:11}\"><div class=\"zw-line-div\"><div class=\"zw-line-content\"><span class=\"zw-portion\" data-text-len=\"101\">Efektem\u00a0realizacji\u00a0tej\u00a0inwestycji\u00a0b\u0119dzie\u00a0nie\u00a0tylko\u00a0dywersyfikacja\u00a0\u017ar\u00f3de\u0142\u00a0dostaw\u00a0energii\u00a0i\u00a0zwi\u0119kszenie<\/span><span class=\"zw-portion\" data-text-len=\"1\">\u00a0<\/span><\/div><\/div><div class=\"zw-line-div\"><div class=\"zw-line-content\"><span class=\"zw-portion\" data-text-len=\"92\">bezpiecze\u0144stwa\u00a0energetycznego\u00a0przedsi\u0119biorstwa,\u00a0ale\u00a0r\u00f3wnie\u017c\u00a0zmniejszenie\u00a0emisji\u00a0CO2,\u00a0poprawa<\/span><span class=\"zw-portion\" data-text-len=\"1\">\u00a0<\/span><\/div><\/div><div class=\"zw-line-div\"><div class=\"zw-line-content\"><span class=\"zw-portion\" data-text-len=\"32\">stanu\u00a0\u015brodowiska\u00a0i\u00a0jego\u00a0ochrona.<\/span><span class=\"zw-portion\" data-text-len=\"1\">\u00a0<\/span><span class=\"EOP EOP-readonly\">\u00a0<\/span><\/div><\/div><\/div><div class=\"zw-paragraph\" style=\"text-align: center;\" data-width=\"604.072\" data-textformat=\"{&quot;size&quot;:11}\"><div class=\"zw-line-div\"><div class=\"zw-line-content\"><span class=\"zw-portion\" data-text-len=\"25\">Ca\u0142kowity\u00a0wk\u0142ad\u00a0Funduszu\u00a0<\/span><span class=\"zw-portion\" data-text-len=\"48\">Europejskiego\u00a0w\u00a0realizowan\u0105\u00a0inwestycj\u0119\u00a0wyniesie\u00a0<\/span><span class=\"zw-portion\" data-text-len=\"9\">71\u00a0500,00<\/span><span class=\"zw-portion\" data-text-len=\"6\">\u00a0z\u0142\u00a0co<\/span><span class=\"zw-portion\" data-text-len=\"1\">\u00a0<\/span><\/div><\/div><div class=\"zw-line-div\"><div class=\"zw-line-content\"><span class=\"zw-portion\" data-text-len=\"54\">stanowi\u00a065%\u00a0ca\u0142o\u015bci\u00a0wydatk\u00f3w\u00a0kwalifikowanych\u00a0projektu.<\/span><span class=\"EOP EOP-readonly\">\u00a0<\/span><\/div><\/div><\/div><div class=\"zw-paragraph\" style=\"text-align: center;\" data-width=\"604.072\" data-textformat=\"{&quot;size&quot;:11}\"><div class=\"zw-line-div\"><div class=\"zw-line-content\"><span class=\"EOP EOP-readonly\">\u00a0<\/span><\/div><\/div><\/div><div class=\"zw-paragraph\" style=\"text-align: center;\" data-width=\"604.072\" data-textformat=\"{&quot;size&quot;:14}\"><div class=\"zw-line-div\"><div class=\"zw-line-content\"><strong><span class=\"zw-portion\" data-text-len=\"22\">INFORMACJA\u00a0O\u00a0PRZETARGU<\/span><\/strong><span class=\"EOP EOP-readonly\">\u00a0<\/span><\/div><\/div><\/div><div class=\"zw-paragraph\" style=\"text-align: center;\" data-width=\"604.072\" data-textformat=\"{&quot;size&quot;:11}\"><div class=\"zw-line-div\"><div class=\"zw-line-content\"><span class=\"zw-portion\" data-text-len=\"35\">Zapytanie\u00a0ofertowe\u00a0ramach\u00a0projektu\u00a0<\/span><span class=\"zw-portion\" data-text-len=\"49\">Projekt\u00a0pn.:\u00a0Budowa\u00a0jednostek\u00a0wytwarzania\u00a0energii<\/span><span class=\"zw-portion\" data-text-len=\"1\">\u00a0<\/span><\/div><\/div><div class=\"zw-line-div\"><div class=\"zw-line-content\"><span class=\"zw-portion\" data-text-len=\"43\">elektrycznej\u00a0z\u00a0OZE\u00a0w\u00a0przedsi\u0119biorstwie\u00a0AGRO<\/span><span class=\"zw-portion\" data-text-len=\"3\">PAK<\/span><span class=\"zw-portion\" data-text-len=\"25\">,\u00a0w\u00a0ramach\u00a0dzia\u0142ania\u00a04.2\u00a0<\/span><span class=\"zw-portion\" data-text-len=\"21\">Regionalnego\u00a0Programu<\/span><span class=\"zw-portion\" data-text-len=\"1\">\u00a0<\/span><\/div><\/div><div class=\"zw-line-div\"><div class=\"zw-line-content\"><span class=\"zw-portion\" data-text-len=\"81\">Operacyjnego\u00a0Wojew\u00f3dztwa\u00a0Lubelskiego\u00a0na\u00a0lata\u00a02014\u00a0\u2013\u00a02020,\u00a0o\u015b\u00a0priorytetowa\u00a0ENERGIA<\/span><span class=\"zw-portion\" data-text-len=\"1\">\u00a0<\/span><\/div><\/div><div class=\"zw-line-div\"><div class=\"zw-line-content\"><span class=\"zw-portion\" data-text-len=\"20\">PRZYJAZNA\u00a0\u015aRODOWISKU<\/span><span class=\"zw-portion\" data-text-len=\"1\">.<\/span><span class=\"EOP EOP-readonly\">\u00a0<\/span><\/div><\/div><\/div><div class=\"zw-paragraph\" style=\"text-align: center;\" data-width=\"604.072\" data-textformat=\"{&quot;size&quot;:11}\"><div class=\"zw-line-div\"><div class=\"zw-line-content\"><span class=\"zw-portion\" data-text-len=\"77\">Zach\u0119camy\u00a0do\u00a0sk\u0142adania\u00a0ofert\u00a0na\u00a0stronie\u00a0Baza\u00a0Konkurencyjno\u015bci\u00a0(nr\u00a0og\u0142oszenia\u00a0<\/span><span class=\"zw-portion\" data-text-len=\"16\">2021-28428-69399<\/span><span class=\"zw-portion\" data-text-len=\"1\">)<\/span><span class=\"EOP EOP-readonly\">\u00a0<\/span><\/div><\/div><\/div><div class=\"zw-paragraph heading3936121\" style=\"text-align: center;\" data-width=\"604.072\" data-header=\"3936121\" data-textformat=\"{&quot;size&quot;:11}\"><div class=\"zw-line-div\"><div class=\"zw-line-content\"><span class=\"zw-bullet zw-bullet-order-list\">1.<\/span><a href=\"http:\/\/agro-pak.net.pl\/wp-content\/uploads\/simple-file-list\/Zapytanie-ofertowe-AGRO-PAK.pdf\"><span class=\"zw-portion\" data-text-len=\"18\">Zapytanie\u00a0ofertowe<\/span><span class=\"EOP EOP-readonly\">\u00a0<\/span><\/a><\/div><\/div><\/div><div class=\"zw-paragraph heading3936121\" style=\"text-align: center;\" data-width=\"604.072\" data-header=\"3936121\" data-textformat=\"{&quot;size&quot;:11}\"><div class=\"zw-line-div\"><div class=\"zw-line-content\"><span class=\"zw-bullet zw-bullet-order-list\">2.<\/span><a href=\"http:\/\/agro-pak.net.pl\/wp-content\/uploads\/simple-file-list\/zal_-nr-1-do-zapytania-ofertowego.pdf\"><span class=\"zw-portion\" data-text-len=\"9\">Za\u0142.\u00a0nr\u00a01<\/span><span class=\"EOP EOP-readonly\">\u00a0<\/span><\/a><\/div><\/div><\/div><div class=\"zw-paragraph heading3936121\" style=\"text-align: center;\" data-width=\"604.072\" data-header=\"3936121\" data-textformat=\"{&quot;size&quot;:11}\"><div class=\"zw-line-div\"><div class=\"zw-line-content\"><span class=\"zw-bullet zw-bullet-order-list\">3.<\/span><a href=\"http:\/\/agro-pak.net.pl\/wp-content\/uploads\/simple-file-list\/zal_-nr-2-do-zapytania-ofertowego.pdf\"><span class=\"zw-portion\" data-text-len=\"9\">Za\u0142.\u00a0nr\u00a02<\/span><span class=\"EOP EOP-readonly\">\u00a0<\/span><\/a><\/div><\/div><\/div><div class=\"zw-paragraph\" data-width=\"604.072\" data-textformat=\"{&quot;size&quot;:11}\"><div class=\"zw-line-div\" style=\"text-align: center;\"><div class=\"zw-line-content\"><strong><span class=\"zw-portion\" data-text-len=\"75\">Informacja\u00a0o\u00a0wyniku\u00a0post\u0119powania\u00a0jest\u00a0dost\u0119pna\u00a0na\u00a0stronie\u00a0internetowej\u00a0Baza<\/span><span class=\"zw-portion\" data-text-len=\"1\">\u00a0<\/span><\/strong><\/div><\/div><div class=\"zw-line-div\"><div class=\"zw-line-content\" style=\"text-align: center;\"><strong><span class=\"zw-portion\" data-text-len=\"16\">Konkurencyjno\u015bci<\/span><span class=\"zw-portion\" data-text-len=\"1\">:<\/span><span class=\"zw-portion\" data-text-len=\"26\">\u00a0www.bazakonkurencyjnosci.<\/span><span class=\"zw-portion\" data-text-len=\"26\">funduszeeuropejskie.gov.pl<\/span><span class=\"EOP EOP-readonly\">\u00a0<\/span><\/strong><\/div><\/div><\/div>\t\t\t\t\t\t<\/div>\n\t\t\t\t<\/div>\n\t\t\t\t\t<\/div>\n\t\t<\/div>\n\t\t\t\t\t\t\t<\/div>\n\t\t<\/section>\n\t\t\t\t\t\t\t<\/div>\n\t\t","protected":false},"excerpt":{"rendered":"<p>REGIONALNY&nbsp;PROGRAM&nbsp;OPERACYJNY&nbsp;WOJEW\u00d3DZTWA&nbsp;LUBELSKIEGO&nbsp;NA&nbsp;LATA&nbsp;2014&nbsp;\u2013&nbsp;2020:&nbsp; ENERGIA&nbsp;PRZYJAZNA&nbsp;\u015aRODOWISKU&nbsp; &nbsp;Projekt&nbsp;pn.:&nbsp;Budowa&nbsp;jednostek&nbsp;wytwarzania&nbsp;energii&nbsp;elektrycznej&nbsp;z&nbsp;OZE&nbsp;w&nbsp;przedsi\u0119biorstwie&nbsp;AGROPAK&nbsp;&nbsp;jest&nbsp;wsp\u00f3\u0142finansowana&nbsp;ze&nbsp;\u015brodk\u00f3w&nbsp;europejskich&nbsp;w&nbsp;ramach&nbsp;Regionalnego&nbsp;Programu&nbsp;Operacyjnego&nbsp;Wojew\u00f3dztwa&nbsp;Lubelskiego&nbsp;na&nbsp;lata&nbsp;2014&nbsp;\u2013&nbsp;2020,&nbsp;o\u015b&nbsp;priorytetowa&nbsp;ENERGIA&nbsp;PRZYJAZNA&nbsp;\u015aRODOWISKU.&nbsp;Celem&nbsp;realizowanego&nbsp;projektu&nbsp;jest&nbsp;osi\u0105gni\u0119cie&nbsp;dodatkowej&nbsp;zdolno\u015bci&nbsp;produkcji&nbsp;energii&nbsp;elektrycznej&nbsp;z&nbsp;odnawialnych&nbsp;\u017ar\u00f3de\u0142&nbsp;w&nbsp;produkcji&nbsp;energii&nbsp;potrzebnej&nbsp;do&nbsp;zaspokojenia&nbsp;potrzeb&nbsp;energetycznych&nbsp;przedsi\u0119biorstwa,&nbsp;poprzez&nbsp;budow\u0119&nbsp;instalacji&nbsp;fotowoltaicznej&nbsp;na&nbsp;terenie&nbsp;zak\u0142adu.&nbsp;&nbsp;Efektem&nbsp;realizacji&nbsp;tej&nbsp;inwestycji&nbsp;b\u0119dzie&nbsp;nie&nbsp;tylko&nbsp;dywersyfikacja&nbsp;\u017ar\u00f3de\u0142&nbsp;dostaw&nbsp;energii&nbsp;i&nbsp;zwi\u0119kszenie&nbsp;bezpiecze\u0144stwa&nbsp;energetycznego&nbsp;przedsi\u0119biorstwa,&nbsp;ale&nbsp;r\u00f3wnie\u017c&nbsp;zmniejszenie&nbsp;emisji&nbsp;CO2,&nbsp;poprawa&nbsp;stanu&nbsp;\u015brodowiska&nbsp;i&nbsp;jego&nbsp;ochrona.&nbsp;&nbsp;Ca\u0142kowity&nbsp;wk\u0142ad&nbsp;Funduszu&nbsp;Europejskiego&nbsp;w&nbsp;realizowan\u0105&nbsp;inwestycj\u0119&nbsp;wyniesie&nbsp;71&nbsp;500,00&nbsp;z\u0142&nbsp;co&nbsp;stanowi&nbsp;65%&nbsp;ca\u0142o\u015bci&nbsp;wydatk\u00f3w&nbsp;kwalifikowanych&nbsp;projektu.&nbsp;&nbsp;INFORMACJA&nbsp;O&nbsp;PRZETARGU&nbsp;Zapytanie&nbsp;ofertowe&nbsp;ramach&nbsp;projektu&nbsp;Projekt&nbsp;pn.:&nbsp;Budowa&nbsp;jednostek&nbsp;wytwarzania&nbsp;energii&nbsp;elektrycznej&nbsp;z&nbsp;OZE&nbsp;w&nbsp;przedsi\u0119biorstwie&nbsp;AGROPAK,&nbsp;w&nbsp;ramach&nbsp;dzia\u0142ania&nbsp;4.2&nbsp;Regionalnego&nbsp;Programu&nbsp;Operacyjnego&nbsp;Wojew\u00f3dztwa&nbsp;Lubelskiego&nbsp;na&nbsp;lata&nbsp;2014&nbsp;\u2013&nbsp;2020,&nbsp;o\u015b&nbsp;priorytetowa&nbsp;ENERGIA&nbsp;PRZYJAZNA&nbsp;\u015aRODOWISKU.&nbsp;Zach\u0119camy&nbsp;do&nbsp;sk\u0142adania&nbsp;ofert&nbsp;na&nbsp;stronie&nbsp;Baza&nbsp;Konkurencyjno\u015bci&nbsp;(nr&nbsp;og\u0142oszenia&nbsp;2021-28428-69399)&nbsp;1.Zapytanie&nbsp;ofertowe&nbsp;2.Za\u0142.&nbsp;nr&nbsp;1&nbsp;3.Za\u0142.&nbsp;nr&nbsp;2&nbsp;Informacja&nbsp;o&nbsp;wyniku&nbsp;post\u0119powania&nbsp;jest&nbsp;dost\u0119pna&nbsp;na&nbsp;stronie&nbsp;internetowej&nbsp;Baza&nbsp;Konkurencyjno\u015bci:&nbsp;www.bazakonkurencyjnosci.funduszeeuropejskie.gov.pl&nbsp;<\/p>\n","protected":false},"author":1,"featured_media":0,"parent":0,"menu_order":0,"comment_status":"closed","ping_status":"closed","template":"","meta":{"_coblocks_attr":"","_coblocks_dimensions":"","_coblocks_responsive_height":"","_coblocks_accordion_ie_support":"","footnotes":"","speechkit_generate_audio":"1","speechkit_project_id":"13538","speechkit_podcast_id":"3830337","speechkit_hash":"b0405cf979659782f1b4feea7964608584f80c1b","speechkit_access_key":"","speechkit_error_message":"","speechkit_disabled":"","speechkit_updated_at":"","publish_post_to_speechkit":"1","speechkit_error":"","speechkit_info":"","speechkit_response":"","speechkit_retries":"","speechkit_status":"Updated","_speechkit_disable_generate_audio":"","_speechkit_link":"","_speechkit_text":""},"class_list":["post-1069","page","type-page","status-publish","hentry"],"_links":{"self":[{"href":"https:\/\/agro-pak.net.pl\/index.php\/wp-json\/wp\/v2\/pages\/1069","targetHints":{"allow":["GET"]}}],"collection":[{"href":"https:\/\/agro-pak.net.pl\/index.php\/wp-json\/wp\/v2\/pages"}],"about":[{"href":"https:\/\/agro-pak.net.pl\/index.php\/wp-json\/wp\/v2\/types\/page"}],"author":[{"embeddable":true,"href":"https:\/\/agro-pak.net.pl\/index.php\/wp-json\/wp\/v2\/users\/1"}],"replies":[{"embeddable":true,"href":"https:\/\/agro-pak.net.pl\/index.php\/wp-json\/wp\/v2\/comments?post=1069"}],"version-history":[{"count":5,"href":"https:\/\/agro-pak.net.pl\/index.php\/wp-json\/wp\/v2\/pages\/1069\/revisions"}],"predecessor-version":[{"id":1078,"href":"https:\/\/agro-pak.net.pl\/index.php\/wp-json\/wp\/v2\/pages\/1069\/revisions\/1078"}],"wp:attachment":[{"href":"https:\/\/agro-pak.net.pl\/index.php\/wp-json\/wp\/v2\/media?parent=1069"}],"curies":[{"name":"wp","href":"https:\/\/api.w.org\/{rel}","templated":true}]}}