{"id":24,"date":"2019-02-02T15:11:19","date_gmt":"2019-02-02T15:11:19","guid":{"rendered":"http:\/\/concerned-coyote.w5.wpsandbox.pro\/?page_id=24"},"modified":"2022-03-18T09:42:55","modified_gmt":"2022-03-18T09:42:55","slug":"home","status":"publish","type":"page","link":"https:\/\/agro-pak.net.pl\/","title":{"rendered":"Home"},"content":{"rendered":"<div data-beyondwords-player=\"true\" contenteditable=\"false\"><\/div>\t\t<div data-elementor-type=\"wp-post\" data-elementor-id=\"24\" class=\"elementor elementor-24\">\n\t\t\t\t\t\t\t\t\t<section class=\"elementor-section elementor-top-section elementor-element elementor-element-27d7eaf6 elementor-section-content-middle elementor-section-boxed elementor-section-height-default elementor-section-height-default\" data-id=\"27d7eaf6\" data-element_type=\"section\" data-settings=\"{&quot;background_background&quot;:&quot;classic&quot;}\">\n\t\t\t\t\t\t<div class=\"elementor-container elementor-column-gap-default\">\n\t\t\t\t\t<div class=\"elementor-column elementor-col-50 elementor-top-column elementor-element elementor-element-277cae2\" data-id=\"277cae2\" data-element_type=\"column\">\n\t\t\t<div class=\"elementor-widget-wrap elementor-element-populated\">\n\t\t\t\t\t\t\t\t<div class=\"elementor-element elementor-element-fafecd3 elementor-widget elementor-widget-image\" data-id=\"fafecd3\" data-element_type=\"widget\" data-widget_type=\"image.default\">\n\t\t\t\t<div class=\"elementor-widget-container\">\n\t\t\t<style>\/*! elementor - v3.6.3 - 12-04-2022 *\/\n.elementor-widget-image{text-align:center}.elementor-widget-image a{display:inline-block}.elementor-widget-image a img[src$=\".svg\"]{width:48px}.elementor-widget-image img{vertical-align:middle;display:inline-block}<\/style>\t\t\t\t\t\t\t\t\t\t\t\t<img loading=\"lazy\" decoding=\"async\" width=\"680\" height=\"439\" src=\"https:\/\/agro-pak.net.pl\/wp-content\/uploads\/2019\/07\/dozer1.png\" class=\"attachment-full size-full\" alt=\"\" srcset=\"https:\/\/agro-pak.net.pl\/wp-content\/uploads\/2019\/07\/dozer1.png 680w, https:\/\/agro-pak.net.pl\/wp-content\/uploads\/2019\/07\/dozer1-300x194.png 300w\" sizes=\"auto, (max-width: 680px) 100vw, 680px\" \/>\t\t\t\t\t\t\t\t\t\t\t\t\t\t\t<\/div>\n\t\t\t\t<\/div>\n\t\t\t\t\t<\/div>\n\t\t<\/div>\n\t\t\t\t<div class=\"elementor-column elementor-col-50 elementor-top-column elementor-element elementor-element-49d208f9\" data-id=\"49d208f9\" data-element_type=\"column\">\n\t\t\t<div class=\"elementor-widget-wrap elementor-element-populated\">\n\t\t\t\t\t\t\t\t<div class=\"elementor-element elementor-element-f249d86 elementor-widget elementor-widget-heading\" data-id=\"f249d86\" data-element_type=\"widget\" data-widget_type=\"heading.default\">\n\t\t\t\t<div class=\"elementor-widget-container\">\n\t\t\t<style>\/*! elementor - v3.6.3 - 12-04-2022 *\/\n.elementor-heading-title{padding:0;margin:0;line-height:1}.elementor-widget-heading .elementor-heading-title[class*=elementor-size-]>a{color:inherit;font-size:inherit;line-height:inherit}.elementor-widget-heading .elementor-heading-title.elementor-size-small{font-size:15px}.elementor-widget-heading .elementor-heading-title.elementor-size-medium{font-size:19px}.elementor-widget-heading .elementor-heading-title.elementor-size-large{font-size:29px}.elementor-widget-heading .elementor-heading-title.elementor-size-xl{font-size:39px}.elementor-widget-heading .elementor-heading-title.elementor-size-xxl{font-size:59px}<\/style><h4 class=\"elementor-heading-title elementor-size-default\">Ponad 20 lat do\u015bwiadczenia<\/h4>\t\t<\/div>\n\t\t\t\t<\/div>\n\t\t\t\t<div class=\"elementor-element elementor-element-4e3b905 elementor-widget elementor-widget-heading\" data-id=\"4e3b905\" data-element_type=\"widget\" data-widget_type=\"heading.default\">\n\t\t\t\t<div class=\"elementor-widget-container\">\n\t\t\t<h2 class=\"elementor-heading-title elementor-size-default\"><b>F.H.U. AGRO-PAK Barbara Michalak<\/b><\/h2>\t\t<\/div>\n\t\t\t\t<\/div>\n\t\t\t\t<div class=\"elementor-element elementor-element-29bace8a elementor-widget elementor-widget-text-editor\" data-id=\"29bace8a\" data-element_type=\"widget\" data-widget_type=\"text-editor.default\">\n\t\t\t\t<div class=\"elementor-widget-container\">\n\t\t\t<style>\/*! elementor - v3.6.3 - 12-04-2022 *\/\n.elementor-widget-text-editor.elementor-drop-cap-view-stacked .elementor-drop-cap{background-color:#818a91;color:#fff}.elementor-widget-text-editor.elementor-drop-cap-view-framed .elementor-drop-cap{color:#818a91;border:3px solid;background-color:transparent}.elementor-widget-text-editor:not(.elementor-drop-cap-view-default) .elementor-drop-cap{margin-top:8px}.elementor-widget-text-editor:not(.elementor-drop-cap-view-default) .elementor-drop-cap-letter{width:1em;height:1em}.elementor-widget-text-editor .elementor-drop-cap{float:left;text-align:center;line-height:1;font-size:50px}.elementor-widget-text-editor .elementor-drop-cap-letter{display:inline-block}<\/style>\t\t\t\t<p style=\"font-style: normal; font-variant-caps: normal; font-weight: normal; letter-spacing: normal; orphans: auto; text-align: start; text-indent: 0px; text-transform: none; white-space: normal; widows: auto; word-spacing: 0px; -webkit-text-size-adjust: auto; -webkit-text-stroke-width: 0px; text-decoration: none; box-sizing: border-box; margin: 0px 0px 10px; caret-color: #333333; color: #333333; font-family: Mulish, Arial, Georgia, Tahoma, serif; font-size: 15px;\" data-type=\"&lt;p&gt;\" data-date=\"#20180901#\"><strong>\u015awiadczymy us\u0142ugi w nast\u0119puj\u0105cych bran\u017cach:<\/strong><br \/>1) Wynajem urz\u0105dze\u0144 budowlanych, dzier\u017cawa rusztowa\u0144.<br \/>2) Dzier\u017cawa aut transportowych (do 3,5t).<br \/>3) Sprzeda\u017c detaliczna, handel.<br \/>4) Handel hurtowy.<br \/>5)\u00a0Handel owocami i warzywami.<br \/>6) Us\u0142ugi dla rolnictwa<\/p>\t\t\t\t\t\t<\/div>\n\t\t\t\t<\/div>\n\t\t\t\t\t<\/div>\n\t\t<\/div>\n\t\t\t\t\t\t\t<\/div>\n\t\t<\/section>\n\t\t\t\t\t\t\t<\/div>\n\t\t","protected":false},"excerpt":{"rendered":"<p>Ponad 20 lat do\u015bwiadczenia F.H.U. AGRO-PAK Barbara Michalak \u015awiadczymy us\u0142ugi w nast\u0119puj\u0105cych bran\u017cach:1) Wynajem urz\u0105dze\u0144 budowlanych, dzier\u017cawa rusztowa\u0144.2) Dzier\u017cawa aut transportowych (do 3,5t).3) Sprzeda\u017c detaliczna, handel.4) Handel hurtowy.5)\u00a0Handel owocami i warzywami.6) Us\u0142ugi dla rolnictwa<\/p>\n","protected":false},"author":1,"featured_media":0,"parent":0,"menu_order":0,"comment_status":"closed","ping_status":"closed","template":"page-templates\/pagebuilder.php","meta":{"_coblocks_attr":"","_coblocks_dimensions":"","_coblocks_responsive_height":"","_coblocks_accordion_ie_support":"","footnotes":"","speechkit_generate_audio":"1","speechkit_project_id":"13538","speechkit_podcast_id":"3824051","speechkit_hash":"7ee8b5feb959db4ae9e72eed8217320b3b1cd44d","speechkit_access_key":"","speechkit_error_message":"","speechkit_disabled":"","speechkit_updated_at":"","publish_post_to_speechkit":"1","speechkit_error":"","speechkit_info":"","speechkit_response":"","speechkit_retries":"","speechkit_status":"Updated","_speechkit_disable_generate_audio":"","_speechkit_link":"","_speechkit_text":""},"class_list":["post-24","page","type-page","status-publish","hentry"],"_links":{"self":[{"href":"https:\/\/agro-pak.net.pl\/index.php\/wp-json\/wp\/v2\/pages\/24","targetHints":{"allow":["GET"]}}],"collection":[{"href":"https:\/\/agro-pak.net.pl\/index.php\/wp-json\/wp\/v2\/pages"}],"about":[{"href":"https:\/\/agro-pak.net.pl\/index.php\/wp-json\/wp\/v2\/types\/page"}],"author":[{"embeddable":true,"href":"https:\/\/agro-pak.net.pl\/index.php\/wp-json\/wp\/v2\/users\/1"}],"replies":[{"embeddable":true,"href":"https:\/\/agro-pak.net.pl\/index.php\/wp-json\/wp\/v2\/comments?post=24"}],"version-history":[{"count":10,"href":"https:\/\/agro-pak.net.pl\/index.php\/wp-json\/wp\/v2\/pages\/24\/revisions"}],"predecessor-version":[{"id":1068,"href":"https:\/\/agro-pak.net.pl\/index.php\/wp-json\/wp\/v2\/pages\/24\/revisions\/1068"}],"wp:attachment":[{"href":"https:\/\/agro-pak.net.pl\/index.php\/wp-json\/wp\/v2\/media?parent=24"}],"curies":[{"name":"wp","href":"https:\/\/api.w.org\/{rel}","templated":true}]}}